{"id":2226,"date":"2015-01-05T15:59:39","date_gmt":"2015-01-05T14:59:39","guid":{"rendered":"http:\/\/www.zamont.pl\/zamont2\/?page_id=2226"},"modified":"2015-01-12T12:30:18","modified_gmt":"2015-01-12T11:30:18","slug":"historia","status":"publish","type":"page","link":"http:\/\/zamont.pl\/?page_id=2226","title":{"rendered":"Historia"},"content":{"rendered":"<div id=\"pl-2226\"  class=\"panel-layout\" ><div id=\"pg-2226-0\"  class=\"panel-grid panel-no-style\" ><div id=\"pgc-2226-0-0\"  class=\"panel-grid-cell\" ><div id=\"panel-2226-0-0-0\" class=\"so-panel widget widget_black-studio-tinymce widget_black_studio_tinymce panel-first-child panel-last-child\" data-index=\"0\" ><div class=\"textwidget\"><p>Firma P.P.H. \u201eZamont\u201d jest kontynuatork\u0105 dzia\u0142alno\u015bci chorzowskiej sp\u00f3\u0142ki \u201eExmont\u201d, b\u0119d\u0105cej w latach 90-tych jedn\u0105 z najpr\u0119\u017cniej dzia\u0142aj\u0105cych firm na rynku budowlanym G\u00f3rnego \u015al\u0105ska. <\/p>\n<p>By\u0142a ona realizatorem wielu kontrakt\u00f3w budowlanych na terenie G\u00f3rnego \u015al\u0105ska a w\u015br\u00f3d wielu nale\u017cy wymieni\u0107 min. realizacj\u0119 magazynu farb na Zak\u0142adach Chemicznych \u201eHajduki\u201d S.A. w Chorzowie. <\/p>\n<p>Po kryzysie budownictwa i rynku budowlanego na prze\u0142omie lat 90-tych i nowego tysi\u0105clecia ju\u017c pod now\u0105 nazw\u0105 postanowili\u015bmy skierowa\u0107 nasze wzmo\u017cone dzia\u0142ania i specjalizacj\u0119 na produkcj\u0119 no\u017cy przemys\u0142owych na potrzeby krajowych jak i zagranicznych przedstawicieli zr\u00f3\u017cnicowanych ga\u0142\u0119zi przemys\u0142u. <\/p>\n<p>G\u0142\u00f3wnymi bran\u017cami, do kt\u00f3rych skierowane s\u0105 nasze wysi\u0142ki z zakresu produkcji no\u017cy s\u0105 : przemys\u0142 celulozowo-papierniczy, przemys\u0142 gumowy, przemys\u0142 drzewny, przemys\u0142 poligraficzny, przetw\u00f3rstwo tworzyw sztucznych, recykling i utylizacja, przemys\u0142 zapa\u0142czany, przemys\u0142 metalowy, przemys\u0142 opakowaniowy, przemys\u0142 spo\u017cywczy i wiele innych. <\/p>\n<p>Od tego czasu zaj\u0119li\u015bmy na tym rynku ugruntowan\u0105 pozycj\u0119 i pragniemy nadal j\u0105 poszerza\u0107 poprzez doskona\u0142\u0105 jako\u015b\u0107 produkowanych przez nas no\u017cy  oraz nowatorskie podej\u015bcie do klienta, w pe\u0142ni skierowane na zaspokajanie potrzeb przez niego zg\u0142aszanych, w terminach oraz warunkach handlowych przez niego proponowanych. <\/p>\n<p>Od roku 2012 w ramach dywersyfikacji naszej dzia\u0142alno\u015bci uruchomili\u015bmy Dzia\u0142 Technologii Solarnej w ramach kt\u00f3rego pracujemy intensywnie nad wdro\u017ceniem do produkcji innowacyjnego na skal\u0119 \u015bwiatow\u0105 urz\u0105dzenia opartego na odnawialnych \u017ar\u00f3d\u0142ach energii.<\/p>\n<p>Mamy nadziej\u0119, \u017ce ju\u017c wkr\u00f3tce i Pa\u0144stwa firma stanie si\u0119 pe\u0142noprawnym i d\u0142ugoletnim kontrahentem naszej sp\u00f3\u0142ki. <\/p>\n<p>Zaufa\u0142o nam ju\u017c wiele firm, w\u015br\u00f3d nich giganci bran\u017c, kt\u00f3rych s\u0105 przedstawicielami \u2013 ZAUFAJ I TY!! <\/p>\n<p>Zapraszamy do wsp\u00f3\u0142pracy<\/p>\n<\/div><\/div><\/div><div id=\"pgc-2226-0-1\"  class=\"panel-grid-cell\" ><div id=\"panel-2226-0-1-0\" class=\"so-panel widget widget_black-studio-tinymce widget_black_studio_tinymce panel-first-child panel-last-child\" data-index=\"1\" ><div class=\"textwidget\"><p><img decoding=\"async\" src=\"http:\/\/zamont.pl\/wp-content\/uploads\/2015\/01\/noze_przemyslowe.jpg\" alt=\"noze_przemyslowe\" width=\"100%\"\/><\/p>\n<\/div><\/div><\/div><\/div><\/div>","protected":false},"excerpt":{"rendered":"<p>Firma P.P.H. \u201eZamont\u201d jest kontynuatork\u0105 dzia\u0142alno\u015bci chorzowskiej sp\u00f3\u0142ki \u201eExmont\u201d, b\u0119d\u0105cej w latach 90-tych jedn\u0105 z najpr\u0119\u017cniej dzia\u0142aj\u0105cych firm na rynku budowlanym G\u00f3rnego \u015al\u0105ska. By\u0142a ona realizatorem wielu kontrakt\u00f3w budowlanych na terenie G\u00f3rnego \u015al\u0105ska a w\u015br\u00f3d wielu nale\u017cy wymieni\u0107 min. realizacj\u0119 magazynu farb na Zak\u0142adach Chemicznych \u201eHajduki\u201d S.A. w Chorzowie. Po kryzysie budownictwa i rynku budowlanego &hellip;<\/p>\n","protected":false},"author":1,"featured_media":0,"parent":0,"menu_order":0,"comment_status":"open","ping_status":"open","template":"","meta":{"footnotes":""},"_links":{"self":[{"href":"http:\/\/zamont.pl\/index.php?rest_route=\/wp\/v2\/pages\/2226"}],"collection":[{"href":"http:\/\/zamont.pl\/index.php?rest_route=\/wp\/v2\/pages"}],"about":[{"href":"http:\/\/zamont.pl\/index.php?rest_route=\/wp\/v2\/types\/page"}],"author":[{"embeddable":true,"href":"http:\/\/zamont.pl\/index.php?rest_route=\/wp\/v2\/users\/1"}],"replies":[{"embeddable":true,"href":"http:\/\/zamont.pl\/index.php?rest_route=%2Fwp%2Fv2%2Fcomments&post=2226"}],"version-history":[{"count":3,"href":"http:\/\/zamont.pl\/index.php?rest_route=\/wp\/v2\/pages\/2226\/revisions"}],"predecessor-version":[{"id":2231,"href":"http:\/\/zamont.pl\/index.php?rest_route=\/wp\/v2\/pages\/2226\/revisions\/2231"}],"wp:attachment":[{"href":"http:\/\/zamont.pl\/index.php?rest_route=%2Fwp%2Fv2%2Fmedia&parent=2226"}],"curies":[{"name":"wp","href":"https:\/\/api.w.org\/{rel}","templated":true}]}}