{"id":69,"date":"2014-10-23T09:15:25","date_gmt":"2014-10-23T09:15:25","guid":{"rendered":"http:\/\/demo.proteusthemes.com\/buildpress\/?page_id=69"},"modified":"2015-01-09T13:56:32","modified_gmt":"2015-01-09T12:56:32","slug":"noze-przemyslowe","status":"publish","type":"page","link":"http:\/\/zamont.pl\/?page_id=69","title":{"rendered":"No\u017ce przemys\u0142owe"},"content":{"rendered":"<p><strong>Nasze mo\u017cliwo\u015bci technologiczne przedstawiaj\u0105 si\u0119 nast\u0119puj\u0105co: Our technological possibilities introduce as follows:<\/strong><\/p>\n<table class=\"table\">\n<tbody>\n<tr>\n<td>Toczenie (Rolling)<\/td>\n<td>max \u015brednica (diameter) : \u00d8 650 mm<br \/>\nmax d\u0142ugo\u015b\u0107 (length of rolling ) toczenia : 1200 mm<\/td>\n<\/tr>\n<tr>\n<td>Struganie (Planing)<\/td>\n<td>szeroko\u015b\u0107 (width) : 1000 mm<br \/>\nwysoko\u015b\u0107 (height) : 500 mm<br \/>\nd\u0142ugo\u015b\u0107 (length) : 1000 mm<\/td>\n<\/tr>\n<tr>\n<td>Frezowanie (Milling)<\/td>\n<td>max d\u0142ugo\u015b\u0107 (length) : 4500 mm<br \/>\nmax szeroko\u015b\u0107 (width) : 600 mm<br \/>\nmax wysoko\u015b\u0107 (height) : 400 mm<\/td>\n<\/tr>\n<tr>\n<td>Szlifowanie p\u0142aszczyzn (Grinding)<\/td>\n<td>max szeroko\u015b\u0107 (width) : 700 mm<br \/>\nmax d\u0142ugo\u015b\u0107 (length) : 6000 mm<br \/>\nmax wysoko\u015b\u0107 (height) : 600 mm<\/td>\n<\/tr>\n<tr>\n<td>Szlifowanie wa\u0142k\u00f3w (Grinding round)<\/td>\n<td>max d\u0142ugo\u015b\u0107 (length) : 1000 mm<br \/>\nmax \u015brednica (diameter) : \u00d8 600 mm<\/td>\n<\/tr>\n<tr>\n<td>Szlifowanie wa\u0142k\u00f3w (Grinding round)<\/td>\n<td>max d\u0142ugo\u015b\u0107 (length) : 1000 mm<br \/>\nmax \u015brednica (diameter) : \u00d8 600 mm<\/td>\n<\/tr>\n<tr>\n<td>Obr\u00f3bka cieplna stali (Thermal processing)<br \/>\n(\u017carzenie, normalizowanie, hartowanie)<\/td>\n<td>max \u015brednica (diameter) : \u00d8 650 mm<br \/>\nmax d\u0142ugo\u015b\u0107 (length) : 4500 mm<\/td>\n<\/tr>\n<\/tbody>\n<\/table>\n<p>Zapraszamy do wsp\u00f3\u0142pracy!!!!!<br \/>\nWe invite to co-operation!!!!!<\/p>\n","protected":false},"excerpt":{"rendered":"<p>We aim to eliminate the task of dividing your project between different architecture and construction company. We are a company that offers design and build services for you from initial sketches to the final construction.<\/p>\n","protected":false},"author":1,"featured_media":2188,"parent":49,"menu_order":0,"comment_status":"closed","ping_status":"closed","template":"","meta":{"footnotes":""},"_links":{"self":[{"href":"http:\/\/zamont.pl\/index.php?rest_route=\/wp\/v2\/pages\/69"}],"collection":[{"href":"http:\/\/zamont.pl\/index.php?rest_route=\/wp\/v2\/pages"}],"about":[{"href":"http:\/\/zamont.pl\/index.php?rest_route=\/wp\/v2\/types\/page"}],"author":[{"embeddable":true,"href":"http:\/\/zamont.pl\/index.php?rest_route=\/wp\/v2\/users\/1"}],"replies":[{"embeddable":true,"href":"http:\/\/zamont.pl\/index.php?rest_route=%2Fwp%2Fv2%2Fcomments&post=69"}],"version-history":[{"count":9,"href":"http:\/\/zamont.pl\/index.php?rest_route=\/wp\/v2\/pages\/69\/revisions"}],"predecessor-version":[{"id":2402,"href":"http:\/\/zamont.pl\/index.php?rest_route=\/wp\/v2\/pages\/69\/revisions\/2402"}],"up":[{"embeddable":true,"href":"http:\/\/zamont.pl\/index.php?rest_route=\/wp\/v2\/pages\/49"}],"wp:featuredmedia":[{"embeddable":true,"href":"http:\/\/zamont.pl\/index.php?rest_route=\/wp\/v2\/media\/2188"}],"wp:attachment":[{"href":"http:\/\/zamont.pl\/index.php?rest_route=%2Fwp%2Fv2%2Fmedia&parent=69"}],"curies":[{"name":"wp","href":"https:\/\/api.w.org\/{rel}","templated":true}]}}